{"id":773,"date":"2021-02-23T12:40:48","date_gmt":"2021-02-23T11:40:48","guid":{"rendered":"http:\/\/kfweb.azurewebsites.net\/?page_id=773"},"modified":"2022-09-22T20:47:38","modified_gmt":"2022-09-22T18:47:38","slug":"omradet","status":"publish","type":"page","link":"https:\/\/klostersfalad.se\/index.php\/omradet\/","title":{"rendered":"Omr\u00e5det"},"content":{"rendered":"[vc_row type=&#8221;in_container&#8221; full_screen_row_position=&#8221;middle&#8221; column_margin=&#8221;default&#8221; column_direction=&#8221;default&#8221; column_direction_tablet=&#8221;default&#8221; column_direction_phone=&#8221;default&#8221; scene_position=&#8221;center&#8221; text_color=&#8221;dark&#8221; text_align=&#8221;left&#8221; row_border_radius=&#8221;none&#8221; row_border_radius_applies=&#8221;bg&#8221; overlay_strength=&#8221;0.3&#8243; gradient_direction=&#8221;left_to_right&#8221; shape_divider_position=&#8221;bottom&#8221; bg_image_animation=&#8221;none&#8221;][vc_column column_padding=&#8221;no-extra-padding&#8221; column_padding_tablet=&#8221;inherit&#8221; column_padding_phone=&#8221;inherit&#8221; column_padding_position=&#8221;all&#8221; background_color_opacity=&#8221;1&#8243; background_hover_color_opacity=&#8221;1&#8243; column_shadow=&#8221;none&#8221; column_border_radius=&#8221;none&#8221; column_link_target=&#8221;_self&#8221; gradient_direction=&#8221;left_to_right&#8221; overlay_strength=&#8221;0.3&#8243; width=&#8221;1\/1&#8243; tablet_width_inherit=&#8221;default&#8221; tablet_text_alignment=&#8221;default&#8221; phone_text_alignment=&#8221;default&#8221; column_border_width=&#8221;none&#8221; column_border_style=&#8221;solid&#8221; bg_image_animation=&#8221;none&#8221;][vc_text_separator title=&#8221;N\u00e4romr\u00e5det&#8221;][\/vc_column][\/vc_row][vc_row type=&#8221;in_container&#8221; full_screen_row_position=&#8221;middle&#8221; column_margin=&#8221;default&#8221; column_direction=&#8221;default&#8221; column_direction_tablet=&#8221;default&#8221; column_direction_phone=&#8221;default&#8221; scene_position=&#8221;center&#8221; text_color=&#8221;dark&#8221; text_align=&#8221;left&#8221; row_border_radius=&#8221;none&#8221; row_border_radius_applies=&#8221;bg&#8221; overlay_strength=&#8221;0.3&#8243; gradient_direction=&#8221;left_to_right&#8221; shape_divider_position=&#8221;bottom&#8221; bg_image_animation=&#8221;none&#8221;][vc_column column_padding=&#8221;no-extra-padding&#8221; column_padding_tablet=&#8221;inherit&#8221; column_padding_phone=&#8221;inherit&#8221; column_padding_position=&#8221;all&#8221; background_color_opacity=&#8221;1&#8243; background_hover_color_opacity=&#8221;1&#8243; column_shadow=&#8221;none&#8221; column_border_radius=&#8221;none&#8221; column_link_target=&#8221;_self&#8221; gradient_direction=&#8221;left_to_right&#8221; overlay_strength=&#8221;0.3&#8243; width=&#8221;1\/1&#8243; tablet_width_inherit=&#8221;default&#8221; tablet_text_alignment=&#8221;default&#8221; phone_text_alignment=&#8221;default&#8221; column_border_width=&#8221;none&#8221; column_border_style=&#8221;solid&#8221; bg_image_animation=&#8221;none&#8221;][vc_column_text]Klosters F\u00e4lad\u00a0ligger i v\u00e4stra delen av Lund innanf\u00f6r ringleden v\u00e4stra\/norra ringen i parkliknande omgivningar. Bostadsomr\u00e5det avgr\u00e4nsas av Fjeliev\u00e4gen i nordost, Vildandsv\u00e4gen i sydv\u00e4st, Tordmulev\u00e4gen i nordv\u00e4st och Vildandsparken i sydv\u00e4st.<\/p>\n<p>Under de senaste femton \u00e5ren har en\u00a0kraftig expansion skett i de v\u00e4stra delarna av Lund. H\u00e4r finns numera ett stort utbud av bekv\u00e4mligheter, bland annat aff\u00e4rscentrat Nova Lund och Friskishuset.[\/vc_column_text][vc_column_text]   \r\n     <div id=\"simpleMap\" style=\"overflow:hidden; width:100%; margin:0 auto; position: relative;\">\r\n        <div class=\"fluid-width-video-wrapper\" style=\"padding-top:1px !important;\">\r\n            <iframe \r\n                src=\"https:\/\/maps.google.com\/maps?q=55.71269783258993,13.165776627542918&hl=en;z=14&amp;output=embed\"\r\n                width=\"100%\"\r\n                frameborder=\"0\"\r\n                title=\"Our Location in google map\"\r\n                style=\"height:400px; width:100%;  padding:0 !important;\"\r\n                allowfullscreen=\"\"\r\n                >\r\n            <\/iframe>\r\n        <\/div>\r\n                <div class=\"simpleMap-info\" \r\n            style=\"position: absolute;\r\n                    top: 11px;\r\n                    left: 11px;\r\n                    z-index: 333;\r\n                    text-align:left;\r\n                    background-color: #fff;\r\n                    padding: 5px 0 0 10px;\r\n                    width:225px;\r\n                    \">\r\n            <span style=\"color: #000; font-size:1rem; font-weight: bold; text-shadow: 2px 5px 10px rgba(0,0,0,0.65);\">\r\n            Brf Klosters F\u00e4lad            <\/span> <br>\r\n            <span style=\"font-size:.8rem; line-height:1;\">Doppingv\u00e4gen 10<\/span>\r\n        <\/div>\r\n             <\/div>\r\n    [\/vc_column_text][\/vc_column][\/vc_row]\n","protected":false},"excerpt":{"rendered":"<p>[vc_row type=&#8221;in_container&#8221; full_screen_row_position=&#8221;middle&#8221; column_margin=&#8221;default&#8221; column_direction=&#8221;default&#8221; column_direction_tablet=&#8221;default&#8221; column_direction_phone=&#8221;default&#8221; scene_position=&#8221;center&#8221; text_color=&#8221;dark&#8221; text_align=&#8221;left&#8221; row_border_radius=&#8221;none&#8221; row_border_radius_applies=&#8221;bg&#8221; overlay_strength=&#8221;0.3&#8243; gradient_direction=&#8221;left_to_right&#8221; shape_divider_position=&#8221;bottom&#8221; bg_image_animation=&#8221;none&#8221;][vc_column column_padding=&#8221;no-extra-padding&#8221; column_padding_tablet=&#8221;inherit&#8221; column_padding_phone=&#8221;inherit&#8221; column_padding_position=&#8221;all&#8221; background_color_opacity=&#8221;1&#8243; background_hover_color_opacity=&#8221;1&#8243; column_shadow=&#8221;none&#8221; column_border_radius=&#8221;none&#8221; column_link_target=&#8221;_self&#8221; gradient_direction=&#8221;left_to_right&#8221; overlay_strength=&#8221;0.3&#8243; width=&#8221;1\/1&#8243; tablet_width_inherit=&#8221;default&#8221; tablet_text_alignment=&#8221;default&#8221;&#8230;<\/p>\n","protected":false},"author":2,"featured_media":0,"parent":0,"menu_order":0,"comment_status":"closed","ping_status":"closed","template":"","meta":{"_monsterinsights_skip_tracking":false,"_monsterinsights_sitenote_active":false,"_monsterinsights_sitenote_note":"","_monsterinsights_sitenote_category":0,"footnotes":""},"class_list":["post-773","page","type-page","status-publish"],"_links":{"self":[{"href":"https:\/\/klostersfalad.se\/index.php\/wp-json\/wp\/v2\/pages\/773","targetHints":{"allow":["GET"]}}],"collection":[{"href":"https:\/\/klostersfalad.se\/index.php\/wp-json\/wp\/v2\/pages"}],"about":[{"href":"https:\/\/klostersfalad.se\/index.php\/wp-json\/wp\/v2\/types\/page"}],"author":[{"embeddable":true,"href":"https:\/\/klostersfalad.se\/index.php\/wp-json\/wp\/v2\/users\/2"}],"replies":[{"embeddable":true,"href":"https:\/\/klostersfalad.se\/index.php\/wp-json\/wp\/v2\/comments?post=773"}],"version-history":[{"count":4,"href":"https:\/\/klostersfalad.se\/index.php\/wp-json\/wp\/v2\/pages\/773\/revisions"}],"predecessor-version":[{"id":1469,"href":"https:\/\/klostersfalad.se\/index.php\/wp-json\/wp\/v2\/pages\/773\/revisions\/1469"}],"wp:attachment":[{"href":"https:\/\/klostersfalad.se\/index.php\/wp-json\/wp\/v2\/media?parent=773"}],"curies":[{"name":"wp","href":"https:\/\/api.w.org\/{rel}","templated":true}]}}