{"id":568,"date":"2021-02-20T02:19:53","date_gmt":"2021-02-20T01:19:53","guid":{"rendered":"http:\/\/kfweb.azurewebsites.net\/?page_id=568"},"modified":"2025-05-24T15:44:17","modified_gmt":"2025-05-24T13:44:17","slug":"arsredovisningar-2","status":"publish","type":"page","link":"https:\/\/klostersfalad.se\/index.php\/arsredovisningar-2\/","title":{"rendered":"\u00c5rsredovisningar"},"content":{"rendered":"[vc_row type=&#8221;in_container&#8221; full_screen_row_position=&#8221;middle&#8221; column_margin=&#8221;default&#8221; column_direction=&#8221;default&#8221; column_direction_tablet=&#8221;default&#8221; column_direction_phone=&#8221;default&#8221; scene_position=&#8221;center&#8221; text_color=&#8221;dark&#8221; text_align=&#8221;left&#8221; row_border_radius=&#8221;none&#8221; row_border_radius_applies=&#8221;bg&#8221; overlay_strength=&#8221;0.3&#8243; gradient_direction=&#8221;left_to_right&#8221; shape_divider_position=&#8221;bottom&#8221; bg_image_animation=&#8221;none&#8221;][vc_column column_padding=&#8221;no-extra-padding&#8221; column_padding_tablet=&#8221;inherit&#8221; column_padding_phone=&#8221;inherit&#8221; column_padding_position=&#8221;all&#8221; background_color_opacity=&#8221;1&#8243; background_hover_color_opacity=&#8221;1&#8243; column_shadow=&#8221;none&#8221; column_border_radius=&#8221;none&#8221; column_link_target=&#8221;_self&#8221; gradient_direction=&#8221;left_to_right&#8221; overlay_strength=&#8221;0.3&#8243; width=&#8221;1\/1&#8243; tablet_width_inherit=&#8221;default&#8221; tablet_text_alignment=&#8221;default&#8221; phone_text_alignment=&#8221;default&#8221; column_border_width=&#8221;none&#8221; column_border_style=&#8221;solid&#8221; bg_image_animation=&#8221;none&#8221;][vc_text_separator title=&#8221;\u00c5rsredovisningar&#8221;][\/vc_column][\/vc_row][vc_row type=&#8221;in_container&#8221; full_screen_row_position=&#8221;middle&#8221; column_margin=&#8221;default&#8221; column_direction=&#8221;default&#8221; column_direction_tablet=&#8221;default&#8221; column_direction_phone=&#8221;default&#8221; scene_position=&#8221;center&#8221; text_color=&#8221;dark&#8221; text_align=&#8221;left&#8221; row_border_radius=&#8221;none&#8221; row_border_radius_applies=&#8221;bg&#8221; overlay_strength=&#8221;0.3&#8243; gradient_direction=&#8221;left_to_right&#8221; shape_divider_position=&#8221;bottom&#8221; bg_image_animation=&#8221;none&#8221;][vc_column column_padding=&#8221;no-extra-padding&#8221; column_padding_tablet=&#8221;inherit&#8221; column_padding_phone=&#8221;inherit&#8221; column_padding_position=&#8221;all&#8221; background_color_opacity=&#8221;1&#8243; background_hover_color_opacity=&#8221;1&#8243; column_shadow=&#8221;none&#8221; column_border_radius=&#8221;none&#8221; column_link_target=&#8221;_self&#8221; gradient_direction=&#8221;left_to_right&#8221; overlay_strength=&#8221;0.3&#8243; width=&#8221;1\/1&#8243; tablet_width_inherit=&#8221;default&#8221; tablet_text_alignment=&#8221;default&#8221; phone_text_alignment=&#8221;default&#8221; column_border_width=&#8221;none&#8221; column_border_style=&#8221;solid&#8221; bg_image_animation=&#8221;none&#8221;][vc_column_text]F\u00f6r att ta del av f\u00f6reningens senaste ekonomiska information v\u00e4nligen se <a href=\"https:\/\/klostersfalad.se\/index.php\/for-maklare\/\">m\u00e4klarsidan<\/a><\/p>\n<p>Klicka p\u00e5 vardera \u00e5rtal f\u00f6r att komma \u00e5t det \u00e5rets redovisning.<\/p>\n<p><a href=\"http:\/\/klostersfalad.se\/wp-content\/uploads\/2025\/05\/Brf-Klosters-Falad-Arsredovisning-2024.pdf\">Klosters F\u00e4lad \u00e5rsredovisning 2024<\/a><\/p>\n<p><a href=\"https:\/\/klostersfalad.se\/wp-content\/uploads\/2024\/05\/BRF-Klosters-Falad-arsredovisning-2023.pdf\">Klosters F\u00e4lad \u00e5rsredovisning 2023<\/a><\/p>\n<p><a href=\"https:\/\/klostersfalad.se\/wp-content\/uploads\/2023\/06\/Arsredovisning-2022-inkl-Revisionsberattelse.pdf\">Klosters F\u00e4lad \u00e5rsredovisning 2022<\/a><\/p>\n<p><a href=\"https:\/\/klostersfalad.se\/wp-content\/uploads\/2022\/05\/arsredovisning_brfkf_2021.pdf\">Klosters F\u00e4lad \u00e5rsredovisning 2021<\/a><\/p>\n<p><a href=\"https:\/\/klostersfalad.se\/wp-content\/uploads\/2022\/02\/arsredovisning-2020.pdf\">Klosters F\u00e4lad \u00e5rsredovisning 2020<\/a><\/p>\n<p><a href=\"http:\/\/klostersfalad.se\/wp-content\/uploads\/2021\/07\/arsredovisning-2019.pdf\">Klosters F\u00e4lad \u00e5rsredovisning 2019<\/a><\/p>\n<p><a href=\"http:\/\/klostersfalad.se\/wp-content\/uploads\/2021\/07\/arsredovisning-2018.pdf\">Klosters F\u00e4lad \u00e5rsredovisning 2018<\/a><\/p>\n<p><a href=\"http:\/\/klostersfalad.se\/wp-content\/uploads\/2021\/07\/arsredovisning_2017.pdf\">Klosters F\u00e4lad \u00e5rsredovisning 2017<\/a><\/p>\n<p><a href=\"http:\/\/klostersfalad.se\/wp-content\/uploads\/2021\/07\/arsredovisning_2016.pdf\">Klosters F\u00e4lad \u00e5rsredovisning 2016<\/a><\/p>\n<p><a href=\"http:\/\/klostersfalad.se\/wp-content\/uploads\/2021\/07\/Brf_Klosters_Falad_arsredovisning_2015.pdf\">Klosters F\u00e4lad \u00e5rsredovisning 2015<\/a><\/p>\n<p><a href=\"http:\/\/klostersfalad.se\/wp-content\/uploads\/2021\/07\/brfklostersfladsrsredovisning2014_korr.pdf\">Klosters F\u00e4lad \u00e5rsredovisning 2014<\/a><\/p>\n<p><a href=\"http:\/\/klostersfalad.se\/wp-content\/uploads\/2021\/07\/brf_klosters_f_lads__rsredovisning_2013_tryck_comp.pdf\">Klosters F\u00e4lad \u00e5rsredovisning 2013<\/a><\/p>\n<p><a href=\"http:\/\/klostersfalad.se\/wp-content\/uploads\/2021\/07\/rsredovisning_2012.pdf\">Klosters F\u00e4lad \u00e5rsredovisning 2012<\/a><\/p>\n<p><a href=\"http:\/\/klostersfalad.se\/wp-content\/uploads\/2021\/07\/brf_klosters_f_lads__rsredovisning_2011.pdf\">Klosters F\u00e4lad \u00e5rsredovisning 2011<\/a><\/p>\n<p><a href=\"http:\/\/klostersfalad.se\/wp-content\/uploads\/2021\/07\/rsredovisning2010.pdf\">Klosters F\u00e4lad \u00e5rsredovisning 2010<\/a><\/p>\n<p><a href=\"http:\/\/klostersfalad.se\/wp-content\/uploads\/2021\/07\/rsredovisning2009.pdf\">Klosters F\u00e4lad \u00e5rsredovisning 2009<\/a><\/p>\n<p><a href=\"http:\/\/klostersfalad.se\/wp-content\/uploads\/2021\/07\/rsredovisning2008.pdf\">Klosters F\u00e4lad \u00e5rsredovisning 2008<\/a><\/p>\n<p><a href=\"http:\/\/klostersfalad.se\/wp-content\/uploads\/2021\/07\/rsredovisning2007.pdf\">Klosters F\u00e4lad \u00e5rsredovisning 2007<\/a><\/p>\n<p><a href=\"http:\/\/klostersfalad.se\/wp-content\/uploads\/2021\/07\/rsredovisning2006.pdf\">Klosters F\u00e4lad \u00e5rsredovisning 2006<\/a><\/p>\n<p><a href=\"http:\/\/klostersfalad.se\/wp-content\/uploads\/2021\/07\/rsredovisning2005utan.pdf\">Klosters F\u00e4lad \u00e5rsredovisning 2005<\/a><\/p>\n<p><a href=\"http:\/\/klostersfalad.se\/wp-content\/uploads\/2021\/07\/rsredovisning2004.pdf\">Klosters F\u00e4lad \u00e5rsredovisning 2004<\/a><\/p>\n<p><a href=\"http:\/\/klostersfalad.se\/wp-content\/uploads\/2021\/07\/rsredovisning2003.pdf\">Klosters F\u00e4lad \u00e5rsredovisning 2003<\/a><\/p>\n<p><a href=\"http:\/\/klostersfalad.se\/wp-content\/uploads\/2021\/07\/rsredovisning2001.pdf\">Klosters F\u00e4lad \u00e5rsredovisning 2001<\/a>[\/vc_column_text][\/vc_column][\/vc_row]\n","protected":false},"excerpt":{"rendered":"<p>[vc_row type=&#8221;in_container&#8221; full_screen_row_position=&#8221;middle&#8221; column_margin=&#8221;default&#8221; column_direction=&#8221;default&#8221; column_direction_tablet=&#8221;default&#8221; column_direction_phone=&#8221;default&#8221; scene_position=&#8221;center&#8221; text_color=&#8221;dark&#8221; text_align=&#8221;left&#8221; row_border_radius=&#8221;none&#8221; row_border_radius_applies=&#8221;bg&#8221; overlay_strength=&#8221;0.3&#8243; gradient_direction=&#8221;left_to_right&#8221; shape_divider_position=&#8221;bottom&#8221; bg_image_animation=&#8221;none&#8221;][vc_column column_padding=&#8221;no-extra-padding&#8221; column_padding_tablet=&#8221;inherit&#8221; column_padding_phone=&#8221;inherit&#8221; column_padding_position=&#8221;all&#8221; background_color_opacity=&#8221;1&#8243; background_hover_color_opacity=&#8221;1&#8243; column_shadow=&#8221;none&#8221; column_border_radius=&#8221;none&#8221; column_link_target=&#8221;_self&#8221; gradient_direction=&#8221;left_to_right&#8221; overlay_strength=&#8221;0.3&#8243; width=&#8221;1\/1&#8243; tablet_width_inherit=&#8221;default&#8221; tablet_text_alignment=&#8221;default&#8221;&#8230;<\/p>\n","protected":false},"author":2,"featured_media":0,"parent":0,"menu_order":0,"comment_status":"closed","ping_status":"closed","template":"","meta":{"_monsterinsights_skip_tracking":false,"_monsterinsights_sitenote_active":false,"_monsterinsights_sitenote_note":"","_monsterinsights_sitenote_category":0,"footnotes":""},"class_list":["post-568","page","type-page","status-publish"],"_links":{"self":[{"href":"https:\/\/klostersfalad.se\/index.php\/wp-json\/wp\/v2\/pages\/568","targetHints":{"allow":["GET"]}}],"collection":[{"href":"https:\/\/klostersfalad.se\/index.php\/wp-json\/wp\/v2\/pages"}],"about":[{"href":"https:\/\/klostersfalad.se\/index.php\/wp-json\/wp\/v2\/types\/page"}],"author":[{"embeddable":true,"href":"https:\/\/klostersfalad.se\/index.php\/wp-json\/wp\/v2\/users\/2"}],"replies":[{"embeddable":true,"href":"https:\/\/klostersfalad.se\/index.php\/wp-json\/wp\/v2\/comments?post=568"}],"version-history":[{"count":23,"href":"https:\/\/klostersfalad.se\/index.php\/wp-json\/wp\/v2\/pages\/568\/revisions"}],"predecessor-version":[{"id":7522,"href":"https:\/\/klostersfalad.se\/index.php\/wp-json\/wp\/v2\/pages\/568\/revisions\/7522"}],"wp:attachment":[{"href":"https:\/\/klostersfalad.se\/index.php\/wp-json\/wp\/v2\/media?parent=568"}],"curies":[{"name":"wp","href":"https:\/\/api.w.org\/{rel}","templated":true}]}}